{"id":3,"date":"2019-07-29T16:21:58","date_gmt":"2019-07-29T16:21:58","guid":{"rendered":"http:\/\/www.dimanweb.com\/dimanweb\/?page_id=3"},"modified":"2024-05-28T16:57:59","modified_gmt":"2024-05-28T16:57:59","slug":"politica-privacidad","status":"publish","type":"page","link":"https:\/\/www.dimanweb.com\/?page_id=3","title":{"rendered":"Pol\u00edtica de privacidad"},"content":{"rendered":"\n<p>\nA fin de dar cumplimiento al Reglamento \nEuropeo de Protecci\u00f3n de Datos (Reglamento UE 2016\/679 del Parlamento \nEuropeo y del Consejo, en adelante GDPR), se expone de forma clara y \ndirecta c\u00f3mo se gestionan los datos de car\u00e1cter personal pertenecientes a\n los usuarios de &nbsp;esta p\u00e1gina y otros datos de inter\u00e9s.\n\n<\/p>\n\n\n\n<h2 class=\"wp-block-heading\">\u00bfQui\u00e9n es el responsable del tratamiento de sus datos?<\/h2>\n\n\n\n<p>Le informamos que el responsable es: Identidad: Dimanweb Consulting sl &#8211; NIF:B18601211\u00a0 Dir. postal: Ram\u00f3n y Cajal, 54P11 3C 18003 Granada. Tfno: 677283884.\u00a0Correo electr\u00f3nico: rgpd@dimanweb.com<\/p>\n\n\n\n<h2 class=\"wp-block-heading\">Qu\u00e9 datos personales recogemos y por qu\u00e9 los recogemos<\/h2>\n\n\n\n<p>Tratamos sus datos personales para las siguientes finalidades:<\/p>\n\n\n\n<ul>\n<li>Poder dar cumplimiento a las contrataciones o servicios que el cliente nos encomiende.<\/li>\n\n\n\n<li>Para desarrollar acciones <br>comerciales en general y poder ofrecerle contenidos, productos y <br>servicios que puedan resultar de su inter\u00e9s.<\/li>\n\n\n\n<li>Poder remitirle, en su caso, comunicaciones y recomendaciones a trav\u00e9s de boletines o Newsletters.<\/li>\n<\/ul>\n\n\n\n<h3 class=\"wp-block-heading\">\u00bfComo llegamos a obtener sus datos?<\/h3>\n\n\n\n<p>Obtenemos informaci\u00f3n de car\u00e1cter personal de un modo directo, ya sea a trav\u00e9s de consultas realizadas por los usuarios a nuestros buzones o correos de contacto, formularios de contacto, comentarios en blog o al contratar un servicio.<\/p>\n\n\n\n<h3 class=\"wp-block-heading\">Destinatarios de los datos<\/h3>\n\n\n\n<p>Si deja un comentario en nuestro sitio puede elegir guardar su nombre, direcci\u00f3n de correo electr\u00f3nico y web en cookies. Esto es para su comodidad, para que no tenga que volver a rellenar sus datos cuando deje otro comentario. Estas cookies tendr\u00e1n una duraci\u00f3n de un a\u00f1o.<\/p>\n\n\n\n<p>Los datos personales almacenados en dimanweb.com, no se venden, alquilan ni ceden, ni se har\u00e1 en el futuro, a terceros sin el consentimiento previo.<\/p>\n\n\n\n<p>Sin embargo, en algunos casos se pueden realizar colaboraciones con \notros profesionales. En esos casos, se requerir\u00e1 consentimiento expreso a\n los usuarios informando sobre la identidad del colaborador y la \nfinalidad de la colaboraci\u00f3n.<\/p>\n\n\n\n<p>Esta web usa Google Analytics y (cumple la GDPR), que emplean cookies para ayudarnos a estudiar y analizar el uso que hacen los usuarios de la web (m\u00e1s informaci\u00f3n en la pol\u00edtica de cookies).<\/p>\n\n\n\n<p>Si tiene una cuenta y se conectas a este sitio, instalaremos una cookie temporal para determinar si su navegador acepta cookies. Esta cookie no contiene datos personales y se elimina al cerrar el navegador.<\/p>\n\n\n\n<p>Cuando inicia sesi\u00f3n, tambi\u00e9n instalaremos varias cookies para guardar su informaci\u00f3n de inicio de sesi\u00f3n y sus opciones de visualizaci\u00f3n de pantalla. Las cookies de inicio de sesi\u00f3n duran dos d\u00edas, y las cookies de opciones de pantalla duran un a\u00f1o. Si selecciona \u00abRecordarme\u00bb, su inicio de sesi\u00f3n perdurar\u00e1 durante dos semanas. Si sale de su cuenta, las cookies de inicio de sesi\u00f3n se eliminar\u00e1n.<\/p>\n\n\n\n<p>Si edita o publica un art\u00edculo se guardar\u00e1 una cookie adicional en su navegador. Esta cookie no incluye datos personales y simplemente indica el ID del art\u00edculo que acaba de editar. Caduca despu\u00e9s de 1 d\u00eda.<\/p>\n\n\n\n<h3 class=\"wp-block-heading\">Contenido incrustado de otros sitios web<\/h3>\n\n\n\n<p>Los art\u00edculos de este sitio pueden incluir contenido incrustado (por ejemplo, v\u00eddeos, im\u00e1genes, art\u00edculos, etc.). El contenido incrustado de otras web se comporta exactamente de la misma manera que si el visitante hubiera visitado la otra web.<\/p>\n\n\n\n<p>Estas web pueden recopilar datos sobre usted, utilizar cookies, incrustar un seguimiento adicional de terceros, y supervisar su interacci\u00f3n con ese contenido incrustado, incluido el seguimiento de su interacci\u00f3n con el contenido incrustado si tiene una cuenta y est\u00e1 conectado a esa web.<\/p>\n\n\n\n<p>Si deja un comentario, el comentario y sus metadatos se conservan indefinidamente. Esto es para que podamos reconocer y aprobar comentarios sucesivos autom\u00e1ticamente en lugar de mantenerlos en una cola de moderaci\u00f3n.<\/p>\n\n\n\n<p>De los usuarios que se registran en nuestra web (si los hay), tambi\u00e9n almacenamos la informaci\u00f3n personal que proporcionan en su perfil de usuario. Todos los usuarios pueden ver, editar o eliminar su informaci\u00f3n personal en cualquier momento (excepto que no pueden cambiar su nombre de usuario). Los administradores de la web tambi\u00e9n pueden ver y editar esa informaci\u00f3n.<\/p>\n\n\n\n<h2 class=\"wp-block-heading\">Qu\u00e9 derechos tiene sobre sus datos<\/h2>\n\n\n\n<p>Si tiene una cuenta o ha dejado comentarios en esta web, puede solicitar recibir un archivo de exportaci\u00f3n de los datos personales que tenemos sobre usted, incluyendo cualquier dato que nos haya proporcionado. Tambi\u00e9n puede solicitar que eliminemos cualquier dato personal que tengamos sobre usted. Esto no incluye ning\u00fan dato que estemos obligados a conservar con fines administrativos, legales o de seguridad.<\/p>\n\n\n\n<p>Los interesados, de acuerdo con lo dispuesto en la normativa aplicable, podr\u00e1n ejercitar los derechos de acceso, rectificaci\u00f3n, cancelaci\u00f3n y oposici\u00f3n, as\u00ed como el de limitaci\u00f3n y portabilidad dirigiendo un escrito a Dimanweb Consulting, sl, cl Ram\u00f3n y Cajal, 54P11 3C &#8211; 18003 Granada. o bien remitiendo un correo electr\u00f3nico a rgpd@dimanweb.com. En ambos casos, ser\u00e1 preciso adjuntar una fotocopia del Documento Nacional de Identidad o documentaci\u00f3n an\u00e1loga que acredite su identidad.<\/p>\n","protected":false},"excerpt":{"rendered":"<p>A fin de dar cumplimiento al Reglamento Europeo de Protecci\u00f3n de Datos (Reglamento UE 2016\/679 del Parlamento Europeo y del Consejo, en adelante GDPR), se expone de forma clara y &#8230;<\/p>\n","protected":false},"author":1,"featured_media":0,"parent":0,"menu_order":0,"comment_status":"closed","ping_status":"open","template":"","meta":{"footnotes":""},"aioseo_notices":[],"_links":{"self":[{"href":"https:\/\/www.dimanweb.com\/index.php?rest_route=\/wp\/v2\/pages\/3"}],"collection":[{"href":"https:\/\/www.dimanweb.com\/index.php?rest_route=\/wp\/v2\/pages"}],"about":[{"href":"https:\/\/www.dimanweb.com\/index.php?rest_route=\/wp\/v2\/types\/page"}],"author":[{"embeddable":true,"href":"https:\/\/www.dimanweb.com\/index.php?rest_route=\/wp\/v2\/users\/1"}],"replies":[{"embeddable":true,"href":"https:\/\/www.dimanweb.com\/index.php?rest_route=%2Fwp%2Fv2%2Fcomments&post=3"}],"version-history":[{"count":4,"href":"https:\/\/www.dimanweb.com\/index.php?rest_route=\/wp\/v2\/pages\/3\/revisions"}],"predecessor-version":[{"id":130,"href":"https:\/\/www.dimanweb.com\/index.php?rest_route=\/wp\/v2\/pages\/3\/revisions\/130"}],"wp:attachment":[{"href":"https:\/\/www.dimanweb.com\/index.php?rest_route=%2Fwp%2Fv2%2Fmedia&parent=3"}],"curies":[{"name":"wp","href":"https:\/\/api.w.org\/{rel}","templated":true}]}}