{"id":49,"date":"2019-07-31T17:40:57","date_gmt":"2019-07-31T17:40:57","guid":{"rendered":"http:\/\/www.dimanweb.com\/dimanweb\/?page_id=49"},"modified":"2019-07-31T17:41:00","modified_gmt":"2019-07-31T17:41:00","slug":"politica-de-cookies","status":"publish","type":"page","link":"https:\/\/www.dimanweb.com\/?page_id=49","title":{"rendered":"Pol\u00edtica de Cookies"},"content":{"rendered":"<div class=\"cli_pg_page_contaner\">\n<h3>Sobre pol\u00edtica de cookies<\/h3>\n<div>\n<div id=\"div2\" class=\"posicionRelativa line contenido enlazable paddingM \">\n<div class=\"unit size1of1\">\n<div class=\"line posicionRelativa\">\n<div class=\"unit size1of1\">\n<h1 class=\"azul letraXL\">Pol\u00edtica de cookies<\/h1>\n<p>Utilizamos cookies propias y de terceros para generar estad\u00edsticas sobre las visitas a nuestra web. Al navegar o utilizar la web entenderemos que acepta nuestra pol\u00edtica de cookies.<\/p>\n<h2 class=\"azul letraL\">\u00bfQu\u00e9 son las cookies?<\/h2>\n<p>Las cookies son peque\u00f1os archivos de texto que los sitios web pueden crear en su equipo para almacenar informaci\u00f3n a la que acceder\u00e1n cuando vuelva a visitarlos. Gracias a esta informaci\u00f3n se facilita la prestaci\u00f3n de servicios personalizados y se mejora la usabilidad de la web.<\/p>\n<h2 class=\"azul letraL\">Cookies en nuestra web<\/h2>\n<p>Al navegar por la p\u00e1gina web de Dimanweb pueden crearse cookies propias y de terceros que pueden clasificarse en:<\/p>\n<ul class=\"paddingIzqM margenInfS margenSupS\">\n<li>Cookies de personalizaci\u00f3n<\/li>\n<li>Cookies t\u00e9cnicas<\/li>\n<li>Cookies de an\u00e1lisis<\/li>\n<\/ul>\n<h2 class=\"azul letraL\">Cookies de personalizaci\u00f3n<\/h2>\n<p>Son aqu\u00e9llas que permiten adaptar el sitio web a ciertas preferencias del usuario. Se utilizan para recordar determinadas elecciones realizadas durante la navegaci\u00f3n.<\/p>\n<p>Dimanweb usa una cookie propia de personalizaci\u00f3n que nos indica si debemos mostrarle en cada p\u00e1gina el mensaje de informaci\u00f3n sobre nuestra pol\u00edtica de cookies. Esta cookie se mantiene en su equipo durante un a\u00f1o.<\/p>\n<h2 class=\"azul letraL\">Cookies t\u00e9cnicas<\/h2>\n<p>Son aqu\u00e9llas que permiten al usuario la navegaci\u00f3n a trav\u00e9s de la p\u00e1gina web y la utilizaci\u00f3n de las diferentes opciones y servicios que se ofrecen.<\/p>\n<p>Dimanweb utiliza una cookie propia para mantener la sesi\u00f3n del usuario durante la navegaci\u00f3n por el sitio web. Esta cookie s\u00f3lo permanecer\u00e1 en su equipo hasta el final de la sesi\u00f3n.<\/p>\n<h2 class=\"azul letraL\">Cookies de an\u00e1lisis<\/h2>\n<p>Son aqu\u00e9llas que permiten el seguimiento y an\u00e1lisis del comportamiento de los visitantes de un sitio web. La informaci\u00f3n recogida mediante este tipo de cookies se utiliza para la medici\u00f3n de la actividad del sitio web y para la elaboraci\u00f3n de estad\u00edsticas con el fin de mejorar el sitio web.<\/p>\n<p>Dimanwebutiliza el servicio Google Analytics (<a class=\"enlace\" href=\"http:\/\/www.google.com\/analytics\/\" target=\"_blank\" rel=\"nofollow noopener\">http:\/\/www.google.com\/analytics\/<\/a>) para conocer estad\u00edsticas sobre las visitas a nuestro sitio web. Dimanweb integra una versi\u00f3n de Google Analytics que, seg\u00fan la documentaci\u00f3n de Google, no crea cookies. Si en el futuro se detectase que este servicio crea cookies, se indicar\u00eda en este apartado.<\/p>\n<h2 class=\"azul letraL\">Acerca de los servicios proporcionados por terceros<\/h2>\n<p>Dimanweb utiliza servicios proporcionados por Google Inc. con los objetivos descritos anteriormente.<\/p>\n<p>Para integrar dichos servicios en nuestras p\u00e1ginas web se incluyen en \u00e9stas enlaces que descargan contenidos y funciones de este proveedor. Este proveedor puede modificar los contenidos y funciones que se descargan e integran en la web sin aviso previo y sin que afecte al funcionamiento de sus servicios. Esto puede hacer que un servicio que hoy no genera cookies en el equipo del usuario, ma\u00f1ana s\u00ed las genere.<\/p>\n<p>Adem\u00e1s, este proveedor puede hacer uso de servicios de otros proveedores, y \u00e9stos pueden, a su vez, crear cookies. Facilitamos a continuaci\u00f3n el enlace a la pol\u00edtica de privacidad y cookies de Google Analytics:<\/p>\n<p><a class=\"enlace\" href=\"https:\/\/support.google.com\/analytics\/answer\/6004245?hl=es\" target=\"_blank\" rel=\"nofollow noopener\">https:\/\/support.google.com\/analytics\/answer\/6004245?hl=es<\/a><\/p>\n<p>Google dispone de una opci\u00f3n \u201copt-out\u201d. Es decir, un mecanismo para permitir a un usuario indicar que no desea que se recopile informaci\u00f3n sobre su navegaci\u00f3n aunque se utilice el servicio. En la siguiente p\u00e1gina se explica esta opci\u00f3n:<\/p>\n<p><a class=\"enlace\" href=\"https:\/\/tools.google.com\/dlpage\/gaoptout?hl=es\" target=\"_blank\" rel=\"nofollow noopener\">https:\/\/support.google.com\/analytics\/answer\/6004245?hl=es<\/a><\/p>\n<h2 class=\"azul letraL\">C\u00f3mo gestionar las cookies en su equipo<\/h2>\n<p>La mayor\u00eda de navegadores soporta el uso de cookies y normalmente puede elegir si las acepta o no. Las opciones m\u00e1s comunes que ofrecen los navegadores son:<\/p>\n<ul class=\"paddingIzqM margenInfS margenSupS\">\n<li>No aceptar cookies en ning\u00fan caso.<\/li>\n<li>Preguntar al usuario si se debe aceptar cada cookie individualmente.<\/li>\n<li>Aceptar cookies siempre.<\/li>\n<\/ul>\n<p>Su navegador tambi\u00e9n puede incluir la posibilidad de especificar de forma personalizada qu\u00e9 cookies deben ser aceptadas y cu\u00e1les no; as\u00ed como de ver y borrar las cookies individualmente. Adem\u00e1s, muchos navegadores permiten activar un modo privado mediante el cual las cookies se borran siempre despu\u00e9s de su visita al sitio web. Dependiendo de cada navegador, este modo privado puede tener diferentes nombres:<\/p>\n<ul class=\"paddingIzqM margenInfS margenSupS\">\n<li>Google Chrome 10 y superior: Inc\u00f3gnito.<\/li>\n<li>Internet Explorer 8 y superior: InPrivate.<\/li>\n<li>Mozilla Firefox 3.5 y superior: Navegaci\u00f3n privada.<\/li>\n<li>Safari 2.5 y superior: Navegaci\u00f3n privada.<\/li>\n<li>Opera 10.5 y superior: Navegaci\u00f3n privada.<\/li>\n<\/ul>\n<p>Podr\u00e1 seguir visitando nuestro sitio web aunque su navegador est\u00e9 en \u00abmodo privado\u00bb, si bien la navegaci\u00f3n podr\u00eda no ser \u00f3ptima y algunas funciones podr\u00edan no funcionar correctamente.<\/p>\n<h2 class=\"azul letraL\">Manejo de cookies en los diferentes navegadores<\/h2>\n<p>Le recomendamos que consulte la ayuda de su navegador o acceda a la p\u00e1gina web del mismo para informarse sobre las opciones de privacidad. Le facilitamos algunas urls e los principales navegadores:<\/p>\n<ul class=\"paddingIzqM margenInfS margenSupS\">\n<li><a class=\"enlace\" href=\"https:\/\/support.google.com\/chrome\/?hl=es#topic=3227046\" target=\"_blank\" rel=\"nofollow noopener\">Google Chrome<\/a><\/li>\n<li><a class=\"enlace\" href=\"http:\/\/support.microsoft.com\/?ln=es-es\" target=\"_blank\" rel=\"nofollow noopener\">Internet Explorer<\/a><\/li>\n<li><a class=\"enlace\" href=\"https:\/\/support.mozilla.org\/es\/home\" target=\"_blank\" rel=\"nofollow noopener\">Mozilla Firefox<\/a><\/li>\n<li><a class=\"enlace\" href=\"http:\/\/support.apple.com\/kb\/DL1531?viewlocale=es_ES&amp;locale=es_ES\" target=\"_blank\" rel=\"nofollow noopener\">Safari<\/a><\/li>\n<li><a class=\"enlace\" href=\"http:\/\/www.opera.com\/es\/help\" target=\"_blank\" rel=\"nofollow noopener\">Opera<\/a><\/li>\n<\/ul>\n<\/div>\n<\/div>\n<\/div>\n<\/div>\n<div class=\"cli_user_consent_state\">Tu estado actual: No se ha dado el consentimiento. <a class=\"cli_manage_current_consent\" style=\"cursor:pointer;text-decoration:underline;\">Gestiona tu consentimiento.<\/a> <\/div>\n<\/div>\n<div>\n<\/div>\n<\/div>\n","protected":false},"excerpt":{"rendered":"<p>Sobre pol\u00edtica de cookies Pol\u00edtica de cookies Utilizamos cookies propias y de terceros para generar estad\u00edsticas sobre las visitas a nuestra web. Al navegar o utilizar la web entenderemos que &#8230;<\/p>\n","protected":false},"author":1,"featured_media":0,"parent":0,"menu_order":0,"comment_status":"closed","ping_status":"closed","template":"","meta":{"footnotes":""},"aioseo_notices":[],"_links":{"self":[{"href":"https:\/\/www.dimanweb.com\/index.php?rest_route=\/wp\/v2\/pages\/49"}],"collection":[{"href":"https:\/\/www.dimanweb.com\/index.php?rest_route=\/wp\/v2\/pages"}],"about":[{"href":"https:\/\/www.dimanweb.com\/index.php?rest_route=\/wp\/v2\/types\/page"}],"author":[{"embeddable":true,"href":"https:\/\/www.dimanweb.com\/index.php?rest_route=\/wp\/v2\/users\/1"}],"replies":[{"embeddable":true,"href":"https:\/\/www.dimanweb.com\/index.php?rest_route=%2Fwp%2Fv2%2Fcomments&post=49"}],"version-history":[{"count":1,"href":"https:\/\/www.dimanweb.com\/index.php?rest_route=\/wp\/v2\/pages\/49\/revisions"}],"predecessor-version":[{"id":50,"href":"https:\/\/www.dimanweb.com\/index.php?rest_route=\/wp\/v2\/pages\/49\/revisions\/50"}],"wp:attachment":[{"href":"https:\/\/www.dimanweb.com\/index.php?rest_route=%2Fwp%2Fv2%2Fmedia&parent=49"}],"curies":[{"name":"wp","href":"https:\/\/api.w.org\/{rel}","templated":true}]}}