{"id":70,"date":"2019-07-31T20:55:25","date_gmt":"2019-07-31T20:55:25","guid":{"rendered":"http:\/\/www.dimanweb.com\/dimanweb\/?page_id=70"},"modified":"2024-06-07T08:41:41","modified_gmt":"2024-06-07T08:41:41","slug":"inicio","status":"publish","type":"page","link":"https:\/\/www.dimanweb.com\/","title":{"rendered":"Inicio"},"content":{"rendered":"\n<p class=\"has-text-align-left\"><strong>Hoy en d\u00eda hablamos de ofrecer soluciones en lugar de ventas. Si los usuarios encuentran las soluciones en tus productos y servicios, la venta llegar\u00e1 a buen fin.<\/strong><br><\/p>\n\n\n\n<p class=\"has-text-align-left\"><strong>Dimanweb te acerca al mundo digital. Una buena historia vende m\u00e1s que el producto en s\u00ed mismo. Si quieres conectar con la audiencia debes hacerles saber por qu\u00e9 existe tu producto.<\/strong><br><\/p>\n\n\n\n<div class=\"wp-block-group alignfull has-white-background-color has-background\" style=\"padding-top:6vw;padding-right:6vw;padding-bottom:6vw;padding-left:6vw\"><div class=\"wp-block-group__inner-container is-layout-flow wp-block-group-is-layout-flow\">\n<h6 class=\"wp-block-heading has-text-color\" id=\"ecosystem\" style=\"color:#000000;font-size:16px\"><strong>La autenticidad, la honestidad y la voz personal son la base de gran parte de lo que tiene \u00e9xito en la Web.<\/strong><\/h6>\n\n\n\n<div class=\"wp-block-group is-vertical is-nowrap is-layout-flex wp-container-core-group-is-layout-1 wp-block-group-is-layout-flex\" style=\"padding-right:0;padding-left:0\">\n<figure class=\"wp-block-image size-full is-style-default wp-duotone-midnight\"><img loading=\"lazy\" decoding=\"async\" width=\"1300\" height=\"581\" src=\"https:\/\/www.dimanweb.com\/wp-content\/uploads\/2024\/04\/dimanwebportada.jpg\" alt=\"\" class=\"wp-image-94\" style=\"object-fit:cover\" srcset=\"https:\/\/www.dimanweb.com\/wp-content\/uploads\/2024\/04\/dimanwebportada.jpg 1300w, https:\/\/www.dimanweb.com\/wp-content\/uploads\/2024\/04\/dimanwebportada-300x134.jpg 300w, https:\/\/www.dimanweb.com\/wp-content\/uploads\/2024\/04\/dimanwebportada-768x343.jpg 768w\" sizes=\"(max-width: 1300px) 100vw, 1300px\" \/><\/figure>\n<\/div>\n\n\n\n<p><br><strong>El gran dise\u00f1o nace de la simplicidad y de la claridad. Una sola vulnerabilidad es todo lo que un atacante necesita<\/strong>, Tu web es segura? necesitas asesoramiento o fortalecer la seguridad de tu web?<\/p>\n\n\n\n<figure class=\"wp-block-image size-full is-style-default\"><img loading=\"lazy\" decoding=\"async\" width=\"970\" height=\"644\" src=\"https:\/\/www.dimanweb.com\/wp-content\/uploads\/2024\/06\/dimanwebcontrolcalida.png\" alt=\"control\" class=\"wp-image-148\" title=\"\" srcset=\"https:\/\/www.dimanweb.com\/wp-content\/uploads\/2024\/06\/dimanwebcontrolcalida.png 970w, https:\/\/www.dimanweb.com\/wp-content\/uploads\/2024\/06\/dimanwebcontrolcalida-300x199.png 300w, https:\/\/www.dimanweb.com\/wp-content\/uploads\/2024\/06\/dimanwebcontrolcalida-768x510.png 768w\" sizes=\"(max-width: 970px) 100vw, 970px\" \/><\/figure>\n<\/div><\/div>\n","protected":false},"excerpt":{"rendered":"<p>Hoy en d\u00eda hablamos de ofrecer soluciones en lugar de ventas. Si los usuarios encuentran las soluciones en tus productos y servicios, la venta llegar\u00e1 a buen fin. Dimanweb te &#8230;<\/p>\n","protected":false},"author":1,"featured_media":0,"parent":0,"menu_order":0,"comment_status":"closed","ping_status":"closed","template":"","meta":{"footnotes":""},"aioseo_notices":[],"_links":{"self":[{"href":"https:\/\/www.dimanweb.com\/index.php?rest_route=\/wp\/v2\/pages\/70"}],"collection":[{"href":"https:\/\/www.dimanweb.com\/index.php?rest_route=\/wp\/v2\/pages"}],"about":[{"href":"https:\/\/www.dimanweb.com\/index.php?rest_route=\/wp\/v2\/types\/page"}],"author":[{"embeddable":true,"href":"https:\/\/www.dimanweb.com\/index.php?rest_route=\/wp\/v2\/users\/1"}],"replies":[{"embeddable":true,"href":"https:\/\/www.dimanweb.com\/index.php?rest_route=%2Fwp%2Fv2%2Fcomments&post=70"}],"version-history":[{"count":18,"href":"https:\/\/www.dimanweb.com\/index.php?rest_route=\/wp\/v2\/pages\/70\/revisions"}],"predecessor-version":[{"id":169,"href":"https:\/\/www.dimanweb.com\/index.php?rest_route=\/wp\/v2\/pages\/70\/revisions\/169"}],"wp:attachment":[{"href":"https:\/\/www.dimanweb.com\/index.php?rest_route=%2Fwp%2Fv2%2Fmedia&parent=70"}],"curies":[{"name":"wp","href":"https:\/\/api.w.org\/{rel}","templated":true}]}}